{"id":85,"date":"2018-03-07T15:24:47","date_gmt":"2018-03-07T15:24:47","guid":{"rendered":"http:\/\/ala.emptylimits.com\/?page_id=85"},"modified":"2023-11-16T07:44:28","modified_gmt":"2023-11-16T07:44:28","slug":"support-and-aid-to-latvia","status":"publish","type":"page","link":"https:\/\/alausa.org\/en\/our-work\/latvia-and-us\/support-and-aid-to-latvia\/","title":{"rendered":"Support and Aid to Latvia"},"content":{"rendered":"\n<h2 class=\"wp-block-heading\">ALA\u2019s Office of Support and Aid to Latvia (SAL), was created in 1989 to provide humanitarian aid and other forms of support to Latvia.<\/h2>\n\n\n\n<p>However, since 1994, the first priority has become the support for the children of Latvia \u2013 those in large, poor families, abandoned children and orphans. This new priority has emerged because the ethnic Latvian people in Latvia are literally on the road to extinction \u2013 for a number of years now more Latvians are dying each year than being born. And this follows two foreign occupations where thousands of Latvians died in war, were killed outright or deported to a slow death in Siberia. To ensure the survival of the small Latvian nation, this trend must be stopped and reversed. At this critical time every living Latvian child is needed for the survival of the Latvian nation. It is therefore mandatory to provide them with minimum funds for survival and a decent education. To this end our organization has been soliciting donations to provide regular support payments, lasting approx. two years to the children in the greatest need.<br>Our program is called the \u201cSecure Bridge\u201d (in Latvian: \u201cDro\u0161ais Tilts\u201d) to provide a secure&nbsp;channel or \u201cbridge\u201d from a donor in the U.S. to a needy child or family in Latvia. The local efforts in Latvia are coordinated by Latvia\u2019s largest charity organization <a href=\"http:\/\/www.lbf.lv\/lv\" target=\"_blank\" rel=\"noopener noreferrer\">\u201cThe Children\u2019s Fund of Latvia\u201d<\/a> (\u201cLatvijas B\u0113rnu Fonds\u201d).<\/p>\n\n\n\n<p>This urgent effort would also appreciate YOUR HELP \u2013 a donation of any amount is greatly appreciated. You may also make a bequest in your will. For further information please contact the American Latvian Association or the director of \u201cSAL\u201d.<\/p>\n\n\n\n<figure class=\"wp-block-image\"><img loading=\"lazy\" decoding=\"async\" width=\"1401\" height=\"491\" src=\"https:\/\/alausa.org\/wp-content\/uploads\/2020\/01\/sal-engela-sirds.jpeg\" alt=\"\" class=\"wp-image-2094\" srcset=\"https:\/\/alausa.org\/wp-content\/uploads\/2020\/01\/sal-engela-sirds.jpeg 1401w, https:\/\/alausa.org\/wp-content\/uploads\/2020\/01\/sal-engela-sirds-300x105.jpeg 300w, https:\/\/alausa.org\/wp-content\/uploads\/2020\/01\/sal-engela-sirds-768x269.jpeg 768w, https:\/\/alausa.org\/wp-content\/uploads\/2020\/01\/sal-engela-sirds-1024x359.jpeg 1024w\" sizes=\"auto, (max-width: 1401px) 100vw, 1401px\" \/><\/figure>\n\n\n\n<p><span class=\"s1\"> This year we started working with the &#8220;Angel Heart Society\u201d. Our goals are the same &#8211; concern for the survival of the Latvian nation. <\/span><\/p>\n\n\n<div class=\"wp-block-image\">\n<figure class=\"aligncenter\"><img loading=\"lazy\" decoding=\"async\" width=\"300\" height=\"96\" src=\"https:\/\/alausa.org\/wp-content\/uploads\/2020\/01\/engela-sirds-logo-300x96.png\" alt=\"\" class=\"wp-image-2096\" srcset=\"https:\/\/alausa.org\/wp-content\/uploads\/2020\/01\/engela-sirds-logo-300x96.png 300w, https:\/\/alausa.org\/wp-content\/uploads\/2020\/01\/engela-sirds-logo.png 608w\" sizes=\"auto, (max-width: 300px) 100vw, 300px\" \/><\/figure>\n<\/div>\n\n\n<p><br>The mission of the Angel&#8217;s Heart Society is to promote the education of the youth, to nurture and develop children&#8217;s talents from an early age and to motivate them to change their perception of life, for poor families, especially in remote regions of Latvia.<\/p>\n\n\n\n<h3 class=\"wp-block-heading\">Angel Heart society projects<\/h3>\n\n\n\n<ul class=\"wp-block-list\">\n<li>Educational tours in Latvia &#8211; learning Latvian history, geography, culture.<\/li>\n\n\n\n<li>Educational hikes to improve the physical condition of children and young people. To create a desire to explore Latvia. Meet craftsmen, get to know Latvias nature diversity.<\/li>\n\n\n\n<li>Motivational speech cycles in Latvian rural schools, attracting well-respected and successful entrepreneurs, athletes, artists and representatives of manufacturing industries.<\/li>\n\n\n\n<li>Scholarship for young school students.<\/li>\n\n\n\n<li>Organize camps where children get familiarized with options for a future profession.<\/li>\n\n\n\n<li>Individual support for Latvian children. Evaluating children&#8217;s talent: Attracting professional educators\/professionals, paying for courses \/ tuition, paying camps, paying private tutors, providing future learning opportunities and talent development.<\/li>\n\n\n\n<li>Provide children with the learning supplies they need: books, computers, etc.<\/li>\n<\/ul>\n\n\n\n<figure class=\"wp-block-image alignnone wp-image-2098 size-full\"><img loading=\"lazy\" decoding=\"async\" width=\"955\" height=\"489\" src=\"https:\/\/alausa.org\/wp-content\/uploads\/2020\/01\/engela-sirds.jpeg\" alt=\"\" class=\"wp-image-2098\" srcset=\"https:\/\/alausa.org\/wp-content\/uploads\/2020\/01\/engela-sirds.jpeg 955w, https:\/\/alausa.org\/wp-content\/uploads\/2020\/01\/engela-sirds-300x154.jpeg 300w, https:\/\/alausa.org\/wp-content\/uploads\/2020\/01\/engela-sirds-768x393.jpeg 768w\" sizes=\"auto, (max-width: 955px) 100vw, 955px\" \/><figcaption class=\"wp-element-caption\">Annual educational tour. Children visited the Barrel Museum in Valmiera, where the owner, Janis, introduced them to his craft and showed them how to make a barrel.<\/figcaption><\/figure>\n\n\n\n<p>Together we want to help Latvia&#8217;s underprivileged get out of their current situation by supporting them both financially and with additional education.<\/p>\n\n\n\n<p>This urgent work also awaits YOUR participation. Please consider donating to an ALA\/SAL program.<\/p>\n\n\n\n<p>Together, the \u201cSecure Bridge\u201d program and the \u201dAngel Heart\u201d Society will continue to help the Latvian people to prosper!<\/p>\n\n\n\n<p>More information on <a href=\"https:\/\/engelasirds.lv\/\" target=\"_blank\" rel=\"noopener noreferrer\">&#8220;Angel Heart&#8221; Society<\/a>.<\/p>\n\n\n\n<p><strong><a href=\"https:\/\/alausa.org\/labdariba-latvija-ziedojuma-veidlapa-okt-2022\/\">Donate to Support and Aid to Latvia program<\/a><\/strong><\/p>\n\n\n\n<p><a href=\"mailto:labdariba@alausa.org\">Di\u0101na K\u0101rkli\u0146a<\/a> &#8211; Director, Office of Support and Aid to Latvia<\/p>\n","protected":false},"excerpt":{"rendered":"<p>ALA\u2019s Office of Support and Aid to Latvia (SAL), was created in 1989 to provide humanitarian aid and other forms of support to Latvia. However, since 1994, the first priority has become the support for the children of Latvia \u2013 those in large, poor families, abandoned children and orphans. This new priority has emerged because [&hellip;]<\/p>\n","protected":false},"author":1,"featured_media":7422,"parent":83,"menu_order":100,"comment_status":"closed","ping_status":"closed","template":"template-content.php","meta":{"_acf_changed":false,"inline_featured_image":false,"footnotes":""},"class_list":["post-85","page","type-page","status-publish","has-post-thumbnail","hentry"],"acf":[],"yoast_head":"<!-- This site is optimized with the Yoast SEO plugin v27.2 - https:\/\/yoast.com\/product\/yoast-seo-wordpress\/ -->\n<title>Support and Aid to Latvia - American Latvian Association<\/title>\n<meta name=\"robots\" content=\"index, follow, max-snippet:-1, max-image-preview:large, max-video-preview:-1\" \/>\n<link rel=\"canonical\" href=\"https:\/\/alausa.org\/en\/our-work\/latvia-and-us\/support-and-aid-to-latvia\/\" \/>\n<meta property=\"og:locale\" content=\"en_US\" \/>\n<meta property=\"og:type\" content=\"article\" \/>\n<meta property=\"og:title\" content=\"Support and Aid to Latvia - American Latvian Association\" \/>\n<meta property=\"og:description\" content=\"ALA\u2019s Office of Support and Aid to Latvia (SAL), was created in 1989 to provide humanitarian aid and other forms of support to Latvia. However, since 1994, the first priority has become the support for the children of Latvia \u2013 those in large, poor families, abandoned children and orphans. This new priority has emerged because [&hellip;]\" \/>\n<meta property=\"og:url\" content=\"https:\/\/alausa.org\/en\/our-work\/latvia-and-us\/support-and-aid-to-latvia\/\" \/>\n<meta property=\"og:site_name\" content=\"American Latvian Association\" \/>\n<meta property=\"article:modified_time\" content=\"2023-11-16T07:44:28+00:00\" \/>\n<meta property=\"og:image\" content=\"https:\/\/alausa.org\/wp-content\/uploads\/2023\/11\/Laistisanas_prieki.jpg\" \/>\n\t<meta property=\"og:image:width\" content=\"5184\" \/>\n\t<meta property=\"og:image:height\" content=\"3456\" \/>\n\t<meta property=\"og:image:type\" content=\"image\/jpeg\" \/>\n<meta name=\"twitter:card\" content=\"summary_large_image\" \/>\n<meta name=\"twitter:label1\" content=\"Est. reading time\" \/>\n\t<meta name=\"twitter:data1\" content=\"4 minutes\" \/>\n<script type=\"application\/ld+json\" class=\"yoast-schema-graph\">{\"@context\":\"https:\/\/schema.org\",\"@graph\":[{\"@type\":\"WebPage\",\"@id\":\"https:\/\/alausa.org\/en\/our-work\/latvia-and-us\/support-and-aid-to-latvia\/\",\"url\":\"https:\/\/alausa.org\/en\/our-work\/latvia-and-us\/support-and-aid-to-latvia\/\",\"name\":\"Support and Aid to Latvia - American Latvian Association\",\"isPartOf\":{\"@id\":\"https:\/\/alausa.org\/#website\"},\"primaryImageOfPage\":{\"@id\":\"https:\/\/alausa.org\/en\/our-work\/latvia-and-us\/support-and-aid-to-latvia\/#primaryimage\"},\"image\":{\"@id\":\"https:\/\/alausa.org\/en\/our-work\/latvia-and-us\/support-and-aid-to-latvia\/#primaryimage\"},\"thumbnailUrl\":\"https:\/\/alausa.org\/wp-content\/uploads\/2023\/11\/Laistisanas_prieki.jpg\",\"datePublished\":\"2018-03-07T15:24:47+00:00\",\"dateModified\":\"2023-11-16T07:44:28+00:00\",\"breadcrumb\":{\"@id\":\"https:\/\/alausa.org\/en\/our-work\/latvia-and-us\/support-and-aid-to-latvia\/#breadcrumb\"},\"inLanguage\":\"en-US\",\"potentialAction\":[{\"@type\":\"ReadAction\",\"target\":[\"https:\/\/alausa.org\/en\/our-work\/latvia-and-us\/support-and-aid-to-latvia\/\"]}]},{\"@type\":\"ImageObject\",\"inLanguage\":\"en-US\",\"@id\":\"https:\/\/alausa.org\/en\/our-work\/latvia-and-us\/support-and-aid-to-latvia\/#primaryimage\",\"url\":\"https:\/\/alausa.org\/wp-content\/uploads\/2023\/11\/Laistisanas_prieki.jpg\",\"contentUrl\":\"https:\/\/alausa.org\/wp-content\/uploads\/2023\/11\/Laistisanas_prieki.jpg\",\"width\":5184,\"height\":3456},{\"@type\":\"BreadcrumbList\",\"@id\":\"https:\/\/alausa.org\/en\/our-work\/latvia-and-us\/support-and-aid-to-latvia\/#breadcrumb\",\"itemListElement\":[{\"@type\":\"ListItem\",\"position\":1,\"name\":\"Home\",\"item\":\"https:\/\/alausa.org\/en\/\"},{\"@type\":\"ListItem\",\"position\":2,\"name\":\"Our work\",\"item\":\"https:\/\/alausa.org\/en\/our-work\/\"},{\"@type\":\"ListItem\",\"position\":3,\"name\":\"Latvia and Us\",\"item\":\"https:\/\/alausa.org\/en\/our-work\/latvia-and-us\/\"},{\"@type\":\"ListItem\",\"position\":4,\"name\":\"Support and Aid to Latvia\"}]},{\"@type\":\"WebSite\",\"@id\":\"https:\/\/alausa.org\/#website\",\"url\":\"https:\/\/alausa.org\/\",\"name\":\"American Latvian Association\",\"description\":\"\",\"potentialAction\":[{\"@type\":\"SearchAction\",\"target\":{\"@type\":\"EntryPoint\",\"urlTemplate\":\"https:\/\/alausa.org\/?s={search_term_string}\"},\"query-input\":{\"@type\":\"PropertyValueSpecification\",\"valueRequired\":true,\"valueName\":\"search_term_string\"}}],\"inLanguage\":\"en-US\"}]}<\/script>\n<!-- \/ Yoast SEO plugin. -->","yoast_head_json":{"title":"Support and Aid to Latvia - American Latvian Association","robots":{"index":"index","follow":"follow","max-snippet":"max-snippet:-1","max-image-preview":"max-image-preview:large","max-video-preview":"max-video-preview:-1"},"canonical":"https:\/\/alausa.org\/en\/our-work\/latvia-and-us\/support-and-aid-to-latvia\/","og_locale":"en_US","og_type":"article","og_title":"Support and Aid to Latvia - American Latvian Association","og_description":"ALA\u2019s Office of Support and Aid to Latvia (SAL), was created in 1989 to provide humanitarian aid and other forms of support to Latvia. However, since 1994, the first priority has become the support for the children of Latvia \u2013 those in large, poor families, abandoned children and orphans. This new priority has emerged because [&hellip;]","og_url":"https:\/\/alausa.org\/en\/our-work\/latvia-and-us\/support-and-aid-to-latvia\/","og_site_name":"American Latvian Association","article_modified_time":"2023-11-16T07:44:28+00:00","og_image":[{"width":5184,"height":3456,"url":"https:\/\/alausa.org\/wp-content\/uploads\/2023\/11\/Laistisanas_prieki.jpg","type":"image\/jpeg"}],"twitter_card":"summary_large_image","twitter_misc":{"Est. reading time":"4 minutes"},"schema":{"@context":"https:\/\/schema.org","@graph":[{"@type":"WebPage","@id":"https:\/\/alausa.org\/en\/our-work\/latvia-and-us\/support-and-aid-to-latvia\/","url":"https:\/\/alausa.org\/en\/our-work\/latvia-and-us\/support-and-aid-to-latvia\/","name":"Support and Aid to Latvia - American Latvian Association","isPartOf":{"@id":"https:\/\/alausa.org\/#website"},"primaryImageOfPage":{"@id":"https:\/\/alausa.org\/en\/our-work\/latvia-and-us\/support-and-aid-to-latvia\/#primaryimage"},"image":{"@id":"https:\/\/alausa.org\/en\/our-work\/latvia-and-us\/support-and-aid-to-latvia\/#primaryimage"},"thumbnailUrl":"https:\/\/alausa.org\/wp-content\/uploads\/2023\/11\/Laistisanas_prieki.jpg","datePublished":"2018-03-07T15:24:47+00:00","dateModified":"2023-11-16T07:44:28+00:00","breadcrumb":{"@id":"https:\/\/alausa.org\/en\/our-work\/latvia-and-us\/support-and-aid-to-latvia\/#breadcrumb"},"inLanguage":"en-US","potentialAction":[{"@type":"ReadAction","target":["https:\/\/alausa.org\/en\/our-work\/latvia-and-us\/support-and-aid-to-latvia\/"]}]},{"@type":"ImageObject","inLanguage":"en-US","@id":"https:\/\/alausa.org\/en\/our-work\/latvia-and-us\/support-and-aid-to-latvia\/#primaryimage","url":"https:\/\/alausa.org\/wp-content\/uploads\/2023\/11\/Laistisanas_prieki.jpg","contentUrl":"https:\/\/alausa.org\/wp-content\/uploads\/2023\/11\/Laistisanas_prieki.jpg","width":5184,"height":3456},{"@type":"BreadcrumbList","@id":"https:\/\/alausa.org\/en\/our-work\/latvia-and-us\/support-and-aid-to-latvia\/#breadcrumb","itemListElement":[{"@type":"ListItem","position":1,"name":"Home","item":"https:\/\/alausa.org\/en\/"},{"@type":"ListItem","position":2,"name":"Our work","item":"https:\/\/alausa.org\/en\/our-work\/"},{"@type":"ListItem","position":3,"name":"Latvia and Us","item":"https:\/\/alausa.org\/en\/our-work\/latvia-and-us\/"},{"@type":"ListItem","position":4,"name":"Support and Aid to Latvia"}]},{"@type":"WebSite","@id":"https:\/\/alausa.org\/#website","url":"https:\/\/alausa.org\/","name":"American Latvian Association","description":"","potentialAction":[{"@type":"SearchAction","target":{"@type":"EntryPoint","urlTemplate":"https:\/\/alausa.org\/?s={search_term_string}"},"query-input":{"@type":"PropertyValueSpecification","valueRequired":true,"valueName":"search_term_string"}}],"inLanguage":"en-US"}]}},"_links":{"self":[{"href":"https:\/\/alausa.org\/en\/wp-json\/wp\/v2\/pages\/85","targetHints":{"allow":["GET"]}}],"collection":[{"href":"https:\/\/alausa.org\/en\/wp-json\/wp\/v2\/pages"}],"about":[{"href":"https:\/\/alausa.org\/en\/wp-json\/wp\/v2\/types\/page"}],"author":[{"embeddable":true,"href":"https:\/\/alausa.org\/en\/wp-json\/wp\/v2\/users\/1"}],"replies":[{"embeddable":true,"href":"https:\/\/alausa.org\/en\/wp-json\/wp\/v2\/comments?post=85"}],"version-history":[{"count":0,"href":"https:\/\/alausa.org\/en\/wp-json\/wp\/v2\/pages\/85\/revisions"}],"up":[{"embeddable":true,"href":"https:\/\/alausa.org\/en\/wp-json\/wp\/v2\/pages\/83"}],"wp:featuredmedia":[{"embeddable":true,"href":"https:\/\/alausa.org\/en\/wp-json\/wp\/v2\/media\/7422"}],"wp:attachment":[{"href":"https:\/\/alausa.org\/en\/wp-json\/wp\/v2\/media?parent=85"}],"curies":[{"name":"wp","href":"https:\/\/api.w.org\/{rel}","templated":true}]}}