{"id":49,"date":"2018-03-07T15:16:47","date_gmt":"2018-03-07T15:16:47","guid":{"rendered":"http:\/\/ala.emptylimits.com\/?page_id=49"},"modified":"2023-11-21T11:45:30","modified_gmt":"2023-11-21T11:45:30","slug":"parents-and-students","status":"publish","type":"page","link":"https:\/\/alausa.org\/en\/our-work\/education\/parents-and-students\/","title":{"rendered":"Parents and students"},"content":{"rendered":"\n<h2 class=\"wp-block-heading\">For Parents<\/h2>\n\n\n\n<p>ALA Office of Education supports the work of the Latvian schools, including curriculum, language proficiency exams, teacher conferences and recommended resources.<\/p>\n\n\n\n<div style=\"height:48px\" aria-hidden=\"true\" class=\"wp-block-spacer\"><\/div>\n\n\n\n<div id=\"\" class=\"block-image-and-paragraph-link\">\n    <div class=\"row\">\n        <div class=\"col-sm-5 col-md-4\">\n            <a href=\"https:\/\/alausa.org\/en\/our-work\/organizacijas\/?type=schools\" target=\"_blank\">\n                <img decoding=\"async\" src=\"https:\/\/alausa.org\/wp-content\/uploads\/2020\/12\/2020_PirmaSkolasDiena-67-copy-800x540.jpg\" class=\"image\" \/>\n            <\/a>\n        <\/div>\n        <div class=\"col-sm-7 col-md-8\">\n            <div class=\"title\">\n                <a href=\"https:\/\/alausa.org\/en\/our-work\/organizacijas\/?type=schools\" target=\"_blank\">\n                    <h3>\n                        <span>Latvian Schools in the United States<\/span>\n                    <\/h3>\n                <\/a>\n            <\/div>\n            <p>\n                <p>Izgl\u012bt\u012bbas nozare r\u016bp\u0113jas par latvisko izgl\u012bt\u012bbu ASV, atbalsta ASV latvie\u0161u skolu darbu, sadarbojas ar Latvijas vald\u012bbas iest\u0101d\u0113m un ar latvisk\u0101s izgl\u012bt\u012bbas darbiniekiem vis\u0101 pasaul\u0113.<\/p>\n            <\/p>\n        <\/div>\n    <\/div>\n<\/div>\n\n\n<div id=\"\" class=\"block-links\">\n\n    <div class=\"title\">See also<\/div><ul class=\"links\"><li>\n\t\t\t\t<a href=\"https:\/\/alausa.org\/en\/our-work\/latvia-and-us\/educational-trips\/\">\n                    <span class=\"label\">Educational trips to Latvia<\/span>\n                <\/a>\n\t\t\t\t<\/li><\/ul>    <\/ul>\n<\/div>\n\n\n<hr class=\"wp-block-separator has-alpha-channel-opacity\"\/>\n\n\n\n<h2 class=\"wp-block-heading\">For students<\/h2>\n\n\n\n<p>We invite students who are active in the Latvian community to <a href=\"https:\/\/alausa.org\/en\/our-work\/education\/parents-and-students\/scholarships\/\">apply for scholarships<\/a>&nbsp;and learn more about our <a href=\"https:\/\/alausa.org\/en\/our-work\/latvia-and-us\/internship-opportunities\/\">summer internship programs.<\/a><\/p>\n\n\n\n<div style=\"height:48px\" aria-hidden=\"true\" class=\"wp-block-spacer\"><\/div>\n\n\n\n<div id=\"\" class=\"block-image-and-paragraph-link\">\n    <div class=\"row\">\n        <div class=\"col-sm-5 col-md-4\">\n            <a href=\"https:\/\/alausa.org\/en\/our-work\/education\/parents-and-students\/scholarships\/\" target=\"\">\n                <img decoding=\"async\" src=\"https:\/\/alausa.org\/wp-content\/uploads\/2023\/10\/cole-parsons-WpNAtWjvXDE-unsplash-800x540.jpg\" class=\"image\" \/>\n            <\/a>\n        <\/div>\n        <div class=\"col-sm-7 col-md-8\">\n            <div class=\"title\">\n                <a href=\"https:\/\/alausa.org\/en\/our-work\/education\/parents-and-students\/scholarships\/\" target=\"\">\n                    <h3>\n                        <span>Scholarships<\/span>\n                    <\/h3>\n                <\/a>\n            <\/div>\n            <p>\n                <p>ALA administers a number of\u00a0scholarship funds donated to support Latvian students\u00a0in a variety of fields of study.<\/p>\n            <\/p>\n        <\/div>\n    <\/div>\n<\/div>\n\n\n<div id=\"\" class=\"block-links\">\n\n    <div class=\"title\">See also<\/div><ul class=\"links\"><li>\n\t\t\t\t<a href=\"https:\/\/alausa.org\/en\/our-work\/latvia-and-us\/internship-program-in-latvia-and-the-us\/\">\n                    <span class=\"label\">Summer internship programs<\/span>\n                <\/a>\n\t\t\t\t<\/li><\/ul>    <\/ul>\n<\/div>\n\n\n<div style=\"height:16px\" aria-hidden=\"true\" class=\"wp-block-spacer\"><\/div>\n\n\n\n<hr class=\"wp-block-separator has-alpha-channel-opacity\"\/>\n\n\n\n<h2 class=\"wp-block-heading\">College Programs<\/h2>\n\n\n\n<ul class=\"wp-block-list\">\n<li><a href=\"https:\/\/scandinavian.washington.edu\/baltic-studies-program\" target=\"_blank\" rel=\"noreferrer noopener\">University of Washington Baltic Studies Program<\/a><\/li>\n\n\n\n<li><a href=\"https:\/\/www.uwec.edu\/academics\/explore-opportunities\/study-abroad\/cie\/\" target=\"_blank\" rel=\"noreferrer noopener\">University of Wisconsin \u2013 Eau Claire, Center for International Education<\/a><\/li>\n\n\n\n<li><a href=\"https:\/\/tools.grad.wisc.edu\/webextras\/admin\/gradcoordinators\/iadmiss\/000061846.html\" target=\"_blank\" rel=\"noreferrer noopener\">University of Wisconsin \u2013 Madison, Graduate School \/ Vidzeme University College<\/a><\/li>\n<\/ul>\n\n\n\n<p><\/p>\n\n\n\n<p><\/p>\n","protected":false},"excerpt":{"rendered":"<p>For Parents ALA Office of Education supports the work of the Latvian schools, including curriculum, language proficiency exams, teacher conferences and recommended resources. For students We invite students who are active in the Latvian community to apply for scholarships&nbsp;and learn more about our summer internship programs. College Programs<\/p>\n","protected":false},"author":1,"featured_media":0,"parent":47,"menu_order":54,"comment_status":"closed","ping_status":"closed","template":"template-content.php","meta":{"_acf_changed":false,"inline_featured_image":false,"footnotes":""},"class_list":["post-49","page","type-page","status-publish","hentry"],"acf":[],"yoast_head":"<!-- This site is optimized with the Yoast SEO plugin v27.2 - https:\/\/yoast.com\/product\/yoast-seo-wordpress\/ -->\n<title>Parents and students - American Latvian Association<\/title>\n<meta name=\"robots\" content=\"index, follow, max-snippet:-1, max-image-preview:large, max-video-preview:-1\" \/>\n<link rel=\"canonical\" href=\"https:\/\/alausa.org\/en\/our-work\/education\/parents-and-students\/\" \/>\n<meta property=\"og:locale\" content=\"en_US\" \/>\n<meta property=\"og:type\" content=\"article\" \/>\n<meta property=\"og:title\" content=\"Parents and students - American Latvian Association\" \/>\n<meta property=\"og:description\" content=\"For Parents ALA Office of Education supports the work of the Latvian schools, including curriculum, language proficiency exams, teacher conferences and recommended resources. For students We invite students who are active in the Latvian community to apply for scholarships&nbsp;and learn more about our summer internship programs. College Programs\" \/>\n<meta property=\"og:url\" content=\"https:\/\/alausa.org\/en\/our-work\/education\/parents-and-students\/\" \/>\n<meta property=\"og:site_name\" content=\"American Latvian Association\" \/>\n<meta property=\"article:modified_time\" content=\"2023-11-21T11:45:30+00:00\" \/>\n<meta name=\"twitter:card\" content=\"summary_large_image\" \/>\n<meta name=\"twitter:label1\" content=\"Est. reading time\" \/>\n\t<meta name=\"twitter:data1\" content=\"1 minute\" \/>\n<script type=\"application\/ld+json\" class=\"yoast-schema-graph\">{\"@context\":\"https:\/\/schema.org\",\"@graph\":[{\"@type\":\"WebPage\",\"@id\":\"https:\/\/alausa.org\/en\/our-work\/education\/parents-and-students\/\",\"url\":\"https:\/\/alausa.org\/en\/our-work\/education\/parents-and-students\/\",\"name\":\"Parents and students - American Latvian Association\",\"isPartOf\":{\"@id\":\"https:\/\/alausa.org\/#website\"},\"datePublished\":\"2018-03-07T15:16:47+00:00\",\"dateModified\":\"2023-11-21T11:45:30+00:00\",\"breadcrumb\":{\"@id\":\"https:\/\/alausa.org\/en\/our-work\/education\/parents-and-students\/#breadcrumb\"},\"inLanguage\":\"en-US\",\"potentialAction\":[{\"@type\":\"ReadAction\",\"target\":[\"https:\/\/alausa.org\/en\/our-work\/education\/parents-and-students\/\"]}]},{\"@type\":\"BreadcrumbList\",\"@id\":\"https:\/\/alausa.org\/en\/our-work\/education\/parents-and-students\/#breadcrumb\",\"itemListElement\":[{\"@type\":\"ListItem\",\"position\":1,\"name\":\"Home\",\"item\":\"https:\/\/alausa.org\/en\/\"},{\"@type\":\"ListItem\",\"position\":2,\"name\":\"Our work\",\"item\":\"https:\/\/alausa.org\/en\/our-work\/\"},{\"@type\":\"ListItem\",\"position\":3,\"name\":\"Education\",\"item\":\"https:\/\/alausa.org\/en\/our-work\/education\/\"},{\"@type\":\"ListItem\",\"position\":4,\"name\":\"Parents and students\"}]},{\"@type\":\"WebSite\",\"@id\":\"https:\/\/alausa.org\/#website\",\"url\":\"https:\/\/alausa.org\/\",\"name\":\"American Latvian Association\",\"description\":\"\",\"potentialAction\":[{\"@type\":\"SearchAction\",\"target\":{\"@type\":\"EntryPoint\",\"urlTemplate\":\"https:\/\/alausa.org\/?s={search_term_string}\"},\"query-input\":{\"@type\":\"PropertyValueSpecification\",\"valueRequired\":true,\"valueName\":\"search_term_string\"}}],\"inLanguage\":\"en-US\"}]}<\/script>\n<!-- \/ Yoast SEO plugin. -->","yoast_head_json":{"title":"Parents and students - American Latvian Association","robots":{"index":"index","follow":"follow","max-snippet":"max-snippet:-1","max-image-preview":"max-image-preview:large","max-video-preview":"max-video-preview:-1"},"canonical":"https:\/\/alausa.org\/en\/our-work\/education\/parents-and-students\/","og_locale":"en_US","og_type":"article","og_title":"Parents and students - American Latvian Association","og_description":"For Parents ALA Office of Education supports the work of the Latvian schools, including curriculum, language proficiency exams, teacher conferences and recommended resources. For students We invite students who are active in the Latvian community to apply for scholarships&nbsp;and learn more about our summer internship programs. College Programs","og_url":"https:\/\/alausa.org\/en\/our-work\/education\/parents-and-students\/","og_site_name":"American Latvian Association","article_modified_time":"2023-11-21T11:45:30+00:00","twitter_card":"summary_large_image","twitter_misc":{"Est. reading time":"1 minute"},"schema":{"@context":"https:\/\/schema.org","@graph":[{"@type":"WebPage","@id":"https:\/\/alausa.org\/en\/our-work\/education\/parents-and-students\/","url":"https:\/\/alausa.org\/en\/our-work\/education\/parents-and-students\/","name":"Parents and students - American Latvian Association","isPartOf":{"@id":"https:\/\/alausa.org\/#website"},"datePublished":"2018-03-07T15:16:47+00:00","dateModified":"2023-11-21T11:45:30+00:00","breadcrumb":{"@id":"https:\/\/alausa.org\/en\/our-work\/education\/parents-and-students\/#breadcrumb"},"inLanguage":"en-US","potentialAction":[{"@type":"ReadAction","target":["https:\/\/alausa.org\/en\/our-work\/education\/parents-and-students\/"]}]},{"@type":"BreadcrumbList","@id":"https:\/\/alausa.org\/en\/our-work\/education\/parents-and-students\/#breadcrumb","itemListElement":[{"@type":"ListItem","position":1,"name":"Home","item":"https:\/\/alausa.org\/en\/"},{"@type":"ListItem","position":2,"name":"Our work","item":"https:\/\/alausa.org\/en\/our-work\/"},{"@type":"ListItem","position":3,"name":"Education","item":"https:\/\/alausa.org\/en\/our-work\/education\/"},{"@type":"ListItem","position":4,"name":"Parents and students"}]},{"@type":"WebSite","@id":"https:\/\/alausa.org\/#website","url":"https:\/\/alausa.org\/","name":"American Latvian Association","description":"","potentialAction":[{"@type":"SearchAction","target":{"@type":"EntryPoint","urlTemplate":"https:\/\/alausa.org\/?s={search_term_string}"},"query-input":{"@type":"PropertyValueSpecification","valueRequired":true,"valueName":"search_term_string"}}],"inLanguage":"en-US"}]}},"_links":{"self":[{"href":"https:\/\/alausa.org\/en\/wp-json\/wp\/v2\/pages\/49","targetHints":{"allow":["GET"]}}],"collection":[{"href":"https:\/\/alausa.org\/en\/wp-json\/wp\/v2\/pages"}],"about":[{"href":"https:\/\/alausa.org\/en\/wp-json\/wp\/v2\/types\/page"}],"author":[{"embeddable":true,"href":"https:\/\/alausa.org\/en\/wp-json\/wp\/v2\/users\/1"}],"replies":[{"embeddable":true,"href":"https:\/\/alausa.org\/en\/wp-json\/wp\/v2\/comments?post=49"}],"version-history":[{"count":0,"href":"https:\/\/alausa.org\/en\/wp-json\/wp\/v2\/pages\/49\/revisions"}],"up":[{"embeddable":true,"href":"https:\/\/alausa.org\/en\/wp-json\/wp\/v2\/pages\/47"}],"wp:attachment":[{"href":"https:\/\/alausa.org\/en\/wp-json\/wp\/v2\/media?parent=49"}],"curies":[{"name":"wp","href":"https:\/\/api.w.org\/{rel}","templated":true}]}}