{"id":4543,"date":"2022-02-21T02:27:06","date_gmt":"2022-02-21T02:27:06","guid":{"rendered":"https:\/\/alausa.org\/?page_id=4543"},"modified":"2023-10-18T15:38:04","modified_gmt":"2023-10-18T15:38:04","slug":"support-for-projects","status":"publish","type":"page","link":"https:\/\/alausa.org\/en\/our-work\/support-for-projects\/","title":{"rendered":"Support for Projects"},"content":{"rendered":"\n<h2 class=\"wp-block-heading\">ALA supports Latvian organizations in the U.S.<\/h2>\n\n\n\n<p>If your ALA member organization or other U.S. Latvian organization is interested in requesting funding for a project from the American Latvian Association, please fill out the following application form (in Latvian): <a href=\"https:\/\/forms.gle\/4FqYkThEGD6L5mEM6\">Pieteikums organiz\u0101cijas projekta vienreiz\u0113jam finansi\u0101lam atbalstam<\/a><\/p>\n","protected":false},"excerpt":{"rendered":"<p>ALA supports Latvian organizations in the U.S. If your ALA member organization or other U.S. Latvian organization is interested in requesting funding for a project from the American Latvian Association, please fill out the following application form (in Latvian): Pieteikums organiz\u0101cijas projekta vienreiz\u0113jam finansi\u0101lam atbalstam<\/p>\n","protected":false},"author":1,"featured_media":7082,"parent":35,"menu_order":106,"comment_status":"closed","ping_status":"closed","template":"template-content.php","meta":{"_acf_changed":false,"inline_featured_image":false,"footnotes":""},"class_list":["post-4543","page","type-page","status-publish","has-post-thumbnail","hentry"],"acf":[],"yoast_head":"<!-- This site is optimized with the Yoast SEO plugin v27.2 - https:\/\/yoast.com\/product\/yoast-seo-wordpress\/ -->\n<title>Support for Projects - American Latvian Association<\/title>\n<meta name=\"robots\" content=\"index, follow, max-snippet:-1, max-image-preview:large, max-video-preview:-1\" \/>\n<link rel=\"canonical\" href=\"https:\/\/alausa.org\/en\/our-work\/support-for-projects\/\" \/>\n<meta property=\"og:locale\" content=\"en_US\" \/>\n<meta property=\"og:type\" content=\"article\" \/>\n<meta property=\"og:title\" content=\"Support for Projects - American Latvian Association\" \/>\n<meta property=\"og:description\" content=\"ALA supports Latvian organizations in the U.S. If your ALA member organization or other U.S. Latvian organization is interested in requesting funding for a project from the American Latvian Association, please fill out the following application form (in Latvian): Pieteikums organiz\u0101cijas projekta vienreiz\u0113jam finansi\u0101lam atbalstam\" \/>\n<meta property=\"og:url\" content=\"https:\/\/alausa.org\/en\/our-work\/support-for-projects\/\" \/>\n<meta property=\"og:site_name\" content=\"American Latvian Association\" \/>\n<meta property=\"article:modified_time\" content=\"2023-10-18T15:38:04+00:00\" \/>\n<meta property=\"og:image\" content=\"https:\/\/alausa.org\/wp-content\/uploads\/2023\/10\/g9-1024x685.jpg\" \/>\n\t<meta property=\"og:image:width\" content=\"1024\" \/>\n\t<meta property=\"og:image:height\" content=\"685\" \/>\n\t<meta property=\"og:image:type\" content=\"image\/jpeg\" \/>\n<meta name=\"twitter:card\" content=\"summary_large_image\" \/>\n<meta name=\"twitter:label1\" content=\"Est. reading time\" \/>\n\t<meta name=\"twitter:data1\" content=\"1 minute\" \/>\n<script type=\"application\/ld+json\" class=\"yoast-schema-graph\">{\"@context\":\"https:\/\/schema.org\",\"@graph\":[{\"@type\":\"WebPage\",\"@id\":\"https:\/\/alausa.org\/en\/our-work\/support-for-projects\/\",\"url\":\"https:\/\/alausa.org\/en\/our-work\/support-for-projects\/\",\"name\":\"Support for Projects - American Latvian Association\",\"isPartOf\":{\"@id\":\"https:\/\/alausa.org\/#website\"},\"primaryImageOfPage\":{\"@id\":\"https:\/\/alausa.org\/en\/our-work\/support-for-projects\/#primaryimage\"},\"image\":{\"@id\":\"https:\/\/alausa.org\/en\/our-work\/support-for-projects\/#primaryimage\"},\"thumbnailUrl\":\"https:\/\/alausa.org\/wp-content\/uploads\/2023\/10\/g9.jpg\",\"datePublished\":\"2022-02-21T02:27:06+00:00\",\"dateModified\":\"2023-10-18T15:38:04+00:00\",\"breadcrumb\":{\"@id\":\"https:\/\/alausa.org\/en\/our-work\/support-for-projects\/#breadcrumb\"},\"inLanguage\":\"en-US\",\"potentialAction\":[{\"@type\":\"ReadAction\",\"target\":[\"https:\/\/alausa.org\/en\/our-work\/support-for-projects\/\"]}]},{\"@type\":\"ImageObject\",\"inLanguage\":\"en-US\",\"@id\":\"https:\/\/alausa.org\/en\/our-work\/support-for-projects\/#primaryimage\",\"url\":\"https:\/\/alausa.org\/wp-content\/uploads\/2023\/10\/g9.jpg\",\"contentUrl\":\"https:\/\/alausa.org\/wp-content\/uploads\/2023\/10\/g9.jpg\",\"width\":3872,\"height\":2592},{\"@type\":\"BreadcrumbList\",\"@id\":\"https:\/\/alausa.org\/en\/our-work\/support-for-projects\/#breadcrumb\",\"itemListElement\":[{\"@type\":\"ListItem\",\"position\":1,\"name\":\"Home\",\"item\":\"https:\/\/alausa.org\/en\/\"},{\"@type\":\"ListItem\",\"position\":2,\"name\":\"Our work\",\"item\":\"https:\/\/alausa.org\/en\/our-work\/\"},{\"@type\":\"ListItem\",\"position\":3,\"name\":\"Support for Projects\"}]},{\"@type\":\"WebSite\",\"@id\":\"https:\/\/alausa.org\/#website\",\"url\":\"https:\/\/alausa.org\/\",\"name\":\"American Latvian Association\",\"description\":\"\",\"potentialAction\":[{\"@type\":\"SearchAction\",\"target\":{\"@type\":\"EntryPoint\",\"urlTemplate\":\"https:\/\/alausa.org\/?s={search_term_string}\"},\"query-input\":{\"@type\":\"PropertyValueSpecification\",\"valueRequired\":true,\"valueName\":\"search_term_string\"}}],\"inLanguage\":\"en-US\"}]}<\/script>\n<!-- \/ Yoast SEO plugin. -->","yoast_head_json":{"title":"Support for Projects - American Latvian Association","robots":{"index":"index","follow":"follow","max-snippet":"max-snippet:-1","max-image-preview":"max-image-preview:large","max-video-preview":"max-video-preview:-1"},"canonical":"https:\/\/alausa.org\/en\/our-work\/support-for-projects\/","og_locale":"en_US","og_type":"article","og_title":"Support for Projects - American Latvian Association","og_description":"ALA supports Latvian organizations in the U.S. If your ALA member organization or other U.S. Latvian organization is interested in requesting funding for a project from the American Latvian Association, please fill out the following application form (in Latvian): Pieteikums organiz\u0101cijas projekta vienreiz\u0113jam finansi\u0101lam atbalstam","og_url":"https:\/\/alausa.org\/en\/our-work\/support-for-projects\/","og_site_name":"American Latvian Association","article_modified_time":"2023-10-18T15:38:04+00:00","og_image":[{"width":1024,"height":685,"url":"https:\/\/alausa.org\/wp-content\/uploads\/2023\/10\/g9-1024x685.jpg","type":"image\/jpeg"}],"twitter_card":"summary_large_image","twitter_misc":{"Est. reading time":"1 minute"},"schema":{"@context":"https:\/\/schema.org","@graph":[{"@type":"WebPage","@id":"https:\/\/alausa.org\/en\/our-work\/support-for-projects\/","url":"https:\/\/alausa.org\/en\/our-work\/support-for-projects\/","name":"Support for Projects - American Latvian Association","isPartOf":{"@id":"https:\/\/alausa.org\/#website"},"primaryImageOfPage":{"@id":"https:\/\/alausa.org\/en\/our-work\/support-for-projects\/#primaryimage"},"image":{"@id":"https:\/\/alausa.org\/en\/our-work\/support-for-projects\/#primaryimage"},"thumbnailUrl":"https:\/\/alausa.org\/wp-content\/uploads\/2023\/10\/g9.jpg","datePublished":"2022-02-21T02:27:06+00:00","dateModified":"2023-10-18T15:38:04+00:00","breadcrumb":{"@id":"https:\/\/alausa.org\/en\/our-work\/support-for-projects\/#breadcrumb"},"inLanguage":"en-US","potentialAction":[{"@type":"ReadAction","target":["https:\/\/alausa.org\/en\/our-work\/support-for-projects\/"]}]},{"@type":"ImageObject","inLanguage":"en-US","@id":"https:\/\/alausa.org\/en\/our-work\/support-for-projects\/#primaryimage","url":"https:\/\/alausa.org\/wp-content\/uploads\/2023\/10\/g9.jpg","contentUrl":"https:\/\/alausa.org\/wp-content\/uploads\/2023\/10\/g9.jpg","width":3872,"height":2592},{"@type":"BreadcrumbList","@id":"https:\/\/alausa.org\/en\/our-work\/support-for-projects\/#breadcrumb","itemListElement":[{"@type":"ListItem","position":1,"name":"Home","item":"https:\/\/alausa.org\/en\/"},{"@type":"ListItem","position":2,"name":"Our work","item":"https:\/\/alausa.org\/en\/our-work\/"},{"@type":"ListItem","position":3,"name":"Support for Projects"}]},{"@type":"WebSite","@id":"https:\/\/alausa.org\/#website","url":"https:\/\/alausa.org\/","name":"American Latvian Association","description":"","potentialAction":[{"@type":"SearchAction","target":{"@type":"EntryPoint","urlTemplate":"https:\/\/alausa.org\/?s={search_term_string}"},"query-input":{"@type":"PropertyValueSpecification","valueRequired":true,"valueName":"search_term_string"}}],"inLanguage":"en-US"}]}},"_links":{"self":[{"href":"https:\/\/alausa.org\/en\/wp-json\/wp\/v2\/pages\/4543","targetHints":{"allow":["GET"]}}],"collection":[{"href":"https:\/\/alausa.org\/en\/wp-json\/wp\/v2\/pages"}],"about":[{"href":"https:\/\/alausa.org\/en\/wp-json\/wp\/v2\/types\/page"}],"author":[{"embeddable":true,"href":"https:\/\/alausa.org\/en\/wp-json\/wp\/v2\/users\/1"}],"replies":[{"embeddable":true,"href":"https:\/\/alausa.org\/en\/wp-json\/wp\/v2\/comments?post=4543"}],"version-history":[{"count":0,"href":"https:\/\/alausa.org\/en\/wp-json\/wp\/v2\/pages\/4543\/revisions"}],"up":[{"embeddable":true,"href":"https:\/\/alausa.org\/en\/wp-json\/wp\/v2\/pages\/35"}],"wp:featuredmedia":[{"embeddable":true,"href":"https:\/\/alausa.org\/en\/wp-json\/wp\/v2\/media\/7082"}],"wp:attachment":[{"href":"https:\/\/alausa.org\/en\/wp-json\/wp\/v2\/media?parent=4543"}],"curies":[{"name":"wp","href":"https:\/\/api.w.org\/{rel}","templated":true}]}}