{"id":13,"date":"2018-03-07T15:07:34","date_gmt":"2018-03-07T15:07:34","guid":{"rendered":"http:\/\/ala.emptylimits.com\/?page_id=13"},"modified":"2025-10-17T18:23:24","modified_gmt":"2025-10-17T18:23:24","slug":"board-and-office","status":"publish","type":"page","link":"https:\/\/alausa.org\/en\/about-us\/board-and-office\/","title":{"rendered":"Board and office"},"content":{"rendered":"\n<h2 class=\"wp-block-heading\">ALA board<\/h2>\n\n\n\n<p><strong>M\u0101rti\u0146\u0161 Andersons<\/strong><br>President<br><a href=\"mailto:tikunta@yahoo.com\">tikunta@yahoo.com<\/a><\/p>\n\n\n\n<p><strong>Andrejs Kancs<\/strong><br>Vice President, Fundraising Director<br><a href=\"mailto:dreday517@aol.com\">dreday517@aol.com<\/a><\/p>\n\n\n\n<p><strong>Anita Grivins<\/strong><br>Treasurer<br><a href=\"mailto:alakasiere@gmail.com\">alakasiere@gmail.com<\/a><\/p>\n\n\n\n<p><strong>Ingr\u012bda Heinze<\/strong><br>Board Secretary<br><a href=\"mailto:idheinze@gmail.com\">idheinze@gmail.com<\/a><\/p>\n\n\n\n<p><strong>Valda Grinberga<\/strong><br>Director, Office of Cultural Affairs<br><a href=\"mailto:culture@alausa.org\">culture@alausa.org<\/a><\/p>\n\n\n\n<p><strong>Elisa Freimane<\/strong><br>Director, Office of Education<br><a href=\"mailto:education@alausa.org\">education@alausa.org<\/a><\/p>\n\n\n\n<p><strong>Ieva Dexter<\/strong><br>Director, Information Office<br><a href=\"mailto:info@alausa.org\">info@alausa.org<\/a><\/p>\n\n\n\n<p><strong>J\u0101nis Kukainis<\/strong><br>Director of Public Affairs<br><a href=\"mailto:janisakukainis@gmail.com\">janisakukainis@gmail.com<\/a><\/p>\n\n\n\n<p><strong>Aleksandra Malinovska<\/strong><br>Membership Director<br><a href=\"mailto:alliemali87@gmail.com\">alliemali87@gmail.com<\/a><\/p>\n\n\n\n<p><strong>Di\u0101na K\u0101rkli\u0146a<\/strong><br>Office for Support and Aid to Latvia<br><a href=\"mailto:labdariba@alausa.org\">labdariba@alausa.org<\/a><\/p>\n\n\n\n<p><strong>Mi\u0137elis \u0122iga<\/strong><br>Director, Office of Sports Affairs<br><a href=\"mailto:megiga@aol.com\">megiga@aol.com<\/a><\/p>\n\n\n\n<div style=\"height:24px\" aria-hidden=\"true\" class=\"wp-block-spacer\"><\/div>\n\n\n\n<h3 class=\"wp-block-heading\"><strong>ALA Cultural Foundation:<\/strong><\/h3>\n\n\n\n<p><strong>Inese Stravelli<\/strong><br>Director, ALA Cultural Foundation<br><a href=\"mailto:culturalfoundation@alausa.org\">culturalfoundation@alausa.org<\/a><\/p>\n\n\n\n<div style=\"height:24px\" aria-hidden=\"true\" class=\"wp-block-spacer\"><\/div>\n\n\n\n<h3 class=\"wp-block-heading\">ALA Audit Committee:<\/h3>\n\n\n\n<p>Una Veilande<br>Ingr\u012bda Jansone<br>L\u012bga S\u016br\u012bte<\/p>\n\n\n\n<hr class=\"wp-block-separator has-alpha-channel-opacity\"\/>\n\n\n\n<h2 class=\"wp-block-heading\">ALA office<\/h2>\n\n\n\n<p>400 Hurley Avenue<br>Rockville, MD 20850-3121<br>USA<br>+1 301 340 1914<\/p>\n\n\n\n<p><strong>Marisa Gudrais<\/strong><br>Executive Director<br><a href=\"mailto:projects@alausa.org\">projects@alausa.org<\/a><\/p>\n\n\n\n<p><strong>Baiba Dolinsky<\/strong><br>Controller \/ Bookkeeper<br><a href=\"mailto:finances@alausa.org\">finances@alausa.org<\/a><\/p>\n\n\n\n<p><strong>Liga Ejups<br><\/strong>Educational Program Director<br><a href=\"mailto:programs@alausa.org\">programs@alausa.org<\/a><\/p>\n\n\n\n<p>ALA&#8217;s offices are open during normal business hours and are located at 400 Hurley Ave, Rockville, MD 20850-3121.<\/p>\n","protected":false},"excerpt":{"rendered":"<p>ALA board M\u0101rti\u0146\u0161 AndersonsPresidenttikunta@yahoo.com Andrejs KancsVice President, Fundraising Directordreday517@aol.com Anita GrivinsTreasureralakasiere@gmail.com Ingr\u012bda HeinzeBoard Secretaryidheinze@gmail.com Valda GrinbergaDirector, Office of Cultural Affairsculture@alausa.org Elisa FreimaneDirector, Office of Educationeducation@alausa.org Ieva DexterDirector, Information Officeinfo@alausa.org J\u0101nis KukainisDirector of Public Affairsjanisakukainis@gmail.com Aleksandra MalinovskaMembership Directoralliemali87@gmail.com Di\u0101na K\u0101rkli\u0146aOffice for Support and Aid to Latvialabdariba@alausa.org Mi\u0137elis \u0122igaDirector, Office of Sports Affairsmegiga@aol.com ALA Cultural Foundation: Inese [&hellip;]<\/p>\n","protected":false},"author":1,"featured_media":9905,"parent":9,"menu_order":25,"comment_status":"closed","ping_status":"closed","template":"template-content.php","meta":{"_acf_changed":false,"inline_featured_image":false,"footnotes":""},"class_list":["post-13","page","type-page","status-publish","has-post-thumbnail","hentry"],"acf":[],"yoast_head":"<!-- This site is optimized with the Yoast SEO plugin v27.2 - https:\/\/yoast.com\/product\/yoast-seo-wordpress\/ -->\n<title>Board and office - American Latvian Association<\/title>\n<meta name=\"robots\" content=\"index, follow, max-snippet:-1, max-image-preview:large, max-video-preview:-1\" \/>\n<link rel=\"canonical\" href=\"https:\/\/alausa.org\/en\/about-us\/board-and-office\/\" \/>\n<meta property=\"og:locale\" content=\"en_US\" \/>\n<meta property=\"og:type\" content=\"article\" \/>\n<meta property=\"og:title\" content=\"Board and office - American Latvian Association\" \/>\n<meta property=\"og:description\" content=\"ALA board M\u0101rti\u0146\u0161 AndersonsPresidenttikunta@yahoo.com Andrejs KancsVice President, Fundraising Directordreday517@aol.com Anita GrivinsTreasureralakasiere@gmail.com Ingr\u012bda HeinzeBoard Secretaryidheinze@gmail.com Valda GrinbergaDirector, Office of Cultural Affairsculture@alausa.org Elisa FreimaneDirector, Office of Educationeducation@alausa.org Ieva DexterDirector, Information Officeinfo@alausa.org J\u0101nis KukainisDirector of Public Affairsjanisakukainis@gmail.com Aleksandra MalinovskaMembership Directoralliemali87@gmail.com Di\u0101na K\u0101rkli\u0146aOffice for Support and Aid to Latvialabdariba@alausa.org Mi\u0137elis \u0122igaDirector, Office of Sports Affairsmegiga@aol.com ALA Cultural Foundation: Inese [&hellip;]\" \/>\n<meta property=\"og:url\" content=\"https:\/\/alausa.org\/en\/about-us\/board-and-office\/\" \/>\n<meta property=\"og:site_name\" content=\"American Latvian Association\" \/>\n<meta property=\"article:modified_time\" content=\"2025-10-17T18:23:24+00:00\" \/>\n<meta property=\"og:image\" content=\"https:\/\/alausa.org\/wp-content\/uploads\/2025\/10\/bf0639fe-1ee5-40d3-9ddb-270c513c9fde_edit.jpg\" \/>\n\t<meta property=\"og:image:width\" content=\"4271\" \/>\n\t<meta property=\"og:image:height\" content=\"3228\" \/>\n\t<meta property=\"og:image:type\" content=\"image\/jpeg\" \/>\n<meta name=\"twitter:card\" content=\"summary_large_image\" \/>\n<meta name=\"twitter:label1\" content=\"Est. reading time\" \/>\n\t<meta name=\"twitter:data1\" content=\"1 minute\" \/>\n<script type=\"application\/ld+json\" class=\"yoast-schema-graph\">{\"@context\":\"https:\/\/schema.org\",\"@graph\":[{\"@type\":\"WebPage\",\"@id\":\"https:\/\/alausa.org\/en\/about-us\/board-and-office\/\",\"url\":\"https:\/\/alausa.org\/en\/about-us\/board-and-office\/\",\"name\":\"Board and office - American Latvian Association\",\"isPartOf\":{\"@id\":\"https:\/\/alausa.org\/#website\"},\"primaryImageOfPage\":{\"@id\":\"https:\/\/alausa.org\/en\/about-us\/board-and-office\/#primaryimage\"},\"image\":{\"@id\":\"https:\/\/alausa.org\/en\/about-us\/board-and-office\/#primaryimage\"},\"thumbnailUrl\":\"https:\/\/alausa.org\/wp-content\/uploads\/2025\/10\/bf0639fe-1ee5-40d3-9ddb-270c513c9fde_edit.jpg\",\"datePublished\":\"2018-03-07T15:07:34+00:00\",\"dateModified\":\"2025-10-17T18:23:24+00:00\",\"breadcrumb\":{\"@id\":\"https:\/\/alausa.org\/en\/about-us\/board-and-office\/#breadcrumb\"},\"inLanguage\":\"en-US\",\"potentialAction\":[{\"@type\":\"ReadAction\",\"target\":[\"https:\/\/alausa.org\/en\/about-us\/board-and-office\/\"]}]},{\"@type\":\"ImageObject\",\"inLanguage\":\"en-US\",\"@id\":\"https:\/\/alausa.org\/en\/about-us\/board-and-office\/#primaryimage\",\"url\":\"https:\/\/alausa.org\/wp-content\/uploads\/2025\/10\/bf0639fe-1ee5-40d3-9ddb-270c513c9fde_edit.jpg\",\"contentUrl\":\"https:\/\/alausa.org\/wp-content\/uploads\/2025\/10\/bf0639fe-1ee5-40d3-9ddb-270c513c9fde_edit.jpg\",\"width\":4271,\"height\":3228},{\"@type\":\"BreadcrumbList\",\"@id\":\"https:\/\/alausa.org\/en\/about-us\/board-and-office\/#breadcrumb\",\"itemListElement\":[{\"@type\":\"ListItem\",\"position\":1,\"name\":\"Home\",\"item\":\"https:\/\/alausa.org\/en\/\"},{\"@type\":\"ListItem\",\"position\":2,\"name\":\"About Us\",\"item\":\"https:\/\/alausa.org\/en\/about-us\/\"},{\"@type\":\"ListItem\",\"position\":3,\"name\":\"Board and office\"}]},{\"@type\":\"WebSite\",\"@id\":\"https:\/\/alausa.org\/#website\",\"url\":\"https:\/\/alausa.org\/\",\"name\":\"American Latvian Association\",\"description\":\"\",\"potentialAction\":[{\"@type\":\"SearchAction\",\"target\":{\"@type\":\"EntryPoint\",\"urlTemplate\":\"https:\/\/alausa.org\/?s={search_term_string}\"},\"query-input\":{\"@type\":\"PropertyValueSpecification\",\"valueRequired\":true,\"valueName\":\"search_term_string\"}}],\"inLanguage\":\"en-US\"}]}<\/script>\n<!-- \/ Yoast SEO plugin. -->","yoast_head_json":{"title":"Board and office - American Latvian Association","robots":{"index":"index","follow":"follow","max-snippet":"max-snippet:-1","max-image-preview":"max-image-preview:large","max-video-preview":"max-video-preview:-1"},"canonical":"https:\/\/alausa.org\/en\/about-us\/board-and-office\/","og_locale":"en_US","og_type":"article","og_title":"Board and office - American Latvian Association","og_description":"ALA board M\u0101rti\u0146\u0161 AndersonsPresidenttikunta@yahoo.com Andrejs KancsVice President, Fundraising Directordreday517@aol.com Anita GrivinsTreasureralakasiere@gmail.com Ingr\u012bda HeinzeBoard Secretaryidheinze@gmail.com Valda GrinbergaDirector, Office of Cultural Affairsculture@alausa.org Elisa FreimaneDirector, Office of Educationeducation@alausa.org Ieva DexterDirector, Information Officeinfo@alausa.org J\u0101nis KukainisDirector of Public Affairsjanisakukainis@gmail.com Aleksandra MalinovskaMembership Directoralliemali87@gmail.com Di\u0101na K\u0101rkli\u0146aOffice for Support and Aid to Latvialabdariba@alausa.org Mi\u0137elis \u0122igaDirector, Office of Sports Affairsmegiga@aol.com ALA Cultural Foundation: Inese [&hellip;]","og_url":"https:\/\/alausa.org\/en\/about-us\/board-and-office\/","og_site_name":"American Latvian Association","article_modified_time":"2025-10-17T18:23:24+00:00","og_image":[{"width":4271,"height":3228,"url":"https:\/\/alausa.org\/wp-content\/uploads\/2025\/10\/bf0639fe-1ee5-40d3-9ddb-270c513c9fde_edit.jpg","type":"image\/jpeg"}],"twitter_card":"summary_large_image","twitter_misc":{"Est. reading time":"1 minute"},"schema":{"@context":"https:\/\/schema.org","@graph":[{"@type":"WebPage","@id":"https:\/\/alausa.org\/en\/about-us\/board-and-office\/","url":"https:\/\/alausa.org\/en\/about-us\/board-and-office\/","name":"Board and office - American Latvian Association","isPartOf":{"@id":"https:\/\/alausa.org\/#website"},"primaryImageOfPage":{"@id":"https:\/\/alausa.org\/en\/about-us\/board-and-office\/#primaryimage"},"image":{"@id":"https:\/\/alausa.org\/en\/about-us\/board-and-office\/#primaryimage"},"thumbnailUrl":"https:\/\/alausa.org\/wp-content\/uploads\/2025\/10\/bf0639fe-1ee5-40d3-9ddb-270c513c9fde_edit.jpg","datePublished":"2018-03-07T15:07:34+00:00","dateModified":"2025-10-17T18:23:24+00:00","breadcrumb":{"@id":"https:\/\/alausa.org\/en\/about-us\/board-and-office\/#breadcrumb"},"inLanguage":"en-US","potentialAction":[{"@type":"ReadAction","target":["https:\/\/alausa.org\/en\/about-us\/board-and-office\/"]}]},{"@type":"ImageObject","inLanguage":"en-US","@id":"https:\/\/alausa.org\/en\/about-us\/board-and-office\/#primaryimage","url":"https:\/\/alausa.org\/wp-content\/uploads\/2025\/10\/bf0639fe-1ee5-40d3-9ddb-270c513c9fde_edit.jpg","contentUrl":"https:\/\/alausa.org\/wp-content\/uploads\/2025\/10\/bf0639fe-1ee5-40d3-9ddb-270c513c9fde_edit.jpg","width":4271,"height":3228},{"@type":"BreadcrumbList","@id":"https:\/\/alausa.org\/en\/about-us\/board-and-office\/#breadcrumb","itemListElement":[{"@type":"ListItem","position":1,"name":"Home","item":"https:\/\/alausa.org\/en\/"},{"@type":"ListItem","position":2,"name":"About Us","item":"https:\/\/alausa.org\/en\/about-us\/"},{"@type":"ListItem","position":3,"name":"Board and office"}]},{"@type":"WebSite","@id":"https:\/\/alausa.org\/#website","url":"https:\/\/alausa.org\/","name":"American Latvian Association","description":"","potentialAction":[{"@type":"SearchAction","target":{"@type":"EntryPoint","urlTemplate":"https:\/\/alausa.org\/?s={search_term_string}"},"query-input":{"@type":"PropertyValueSpecification","valueRequired":true,"valueName":"search_term_string"}}],"inLanguage":"en-US"}]}},"_links":{"self":[{"href":"https:\/\/alausa.org\/en\/wp-json\/wp\/v2\/pages\/13","targetHints":{"allow":["GET"]}}],"collection":[{"href":"https:\/\/alausa.org\/en\/wp-json\/wp\/v2\/pages"}],"about":[{"href":"https:\/\/alausa.org\/en\/wp-json\/wp\/v2\/types\/page"}],"author":[{"embeddable":true,"href":"https:\/\/alausa.org\/en\/wp-json\/wp\/v2\/users\/1"}],"replies":[{"embeddable":true,"href":"https:\/\/alausa.org\/en\/wp-json\/wp\/v2\/comments?post=13"}],"version-history":[{"count":4,"href":"https:\/\/alausa.org\/en\/wp-json\/wp\/v2\/pages\/13\/revisions"}],"predecessor-version":[{"id":9898,"href":"https:\/\/alausa.org\/en\/wp-json\/wp\/v2\/pages\/13\/revisions\/9898"}],"up":[{"embeddable":true,"href":"https:\/\/alausa.org\/en\/wp-json\/wp\/v2\/pages\/9"}],"wp:featuredmedia":[{"embeddable":true,"href":"https:\/\/alausa.org\/en\/wp-json\/wp\/v2\/media\/9905"}],"wp:attachment":[{"href":"https:\/\/alausa.org\/en\/wp-json\/wp\/v2\/media?parent=13"}],"curies":[{"name":"wp","href":"https:\/\/api.w.org\/{rel}","templated":true}]}}