{"id":11,"date":"2018-03-07T15:07:20","date_gmt":"2018-03-07T15:07:20","guid":{"rendered":"http:\/\/ala.emptylimits.com\/?page_id=11"},"modified":"2023-10-19T08:02:01","modified_gmt":"2023-10-19T08:02:01","slug":"what-is-ala","status":"publish","type":"page","link":"https:\/\/alausa.org\/en\/about-us\/what-is-ala\/","title":{"rendered":"What is ALA?"},"content":{"rendered":"\n<h2 class=\"wp-block-heading\">The American Latvian Association (ALA) is the main representative organization for the Latvian American community.<\/h2>\n\n\n\n<p>Through 100 member organizations, churches, clubs and some 4,000 individual members, we represent over 90,000 people of Latvian descent living in the United States. We are a tax-exempt, 501(c)3 non-profit, educational and cultural organization registered in the U.S.<\/p>\n\n\n\n<p>ALA supports cultural activities and facilitates cooperation within the Latvian American community. We promote the study of Latvian language, history and culture. We ensure the availability of Latvian schools, books and teaching materials for our children. We assist newly arrived immigrants with information about the U.S. and provide humanitarian aid to people in Latvia.<\/p>\n\n\n\n<p>ALA seeks to facilitate the peaceful and democratic development of Latvia by promoting understanding and support for Latvia through informational efforts in the U.S.<\/p>\n\n\n\n<hr class=\"wp-block-separator has-alpha-channel-opacity\"\/>\n\n\n\n<h2 class=\"wp-block-heading\"><strong>History of ALA Board Presidents<\/strong><\/h2>\n\n\n\n<p>1951 &#8211; 1970 \u2013 P\u0113teris Leji\u0146\u0161<br>1970 &#8211; 1972 \u2013 Uldis Grava<br>1972 &#8211; 1975 \u2013 Ilgvars Spilners<br>1975 &#8211; 1977 \u2013 Adolfs Leji\u0146\u0161<br>1977 &#8211; 1983 \u2013 J\u0101nis Rieksti\u0146\u0161<br>1983 &#8211; 1985 \u2013 Visvaldis Kl\u012bve<br>1985 &#8211; 1988 \u2013 Arist\u012bds Lambergs<br>1988 &#8211; 1992 \u2013 Valdis Pavlovskis<br>1992 &#8211; 1996 \u2013 Ints Rupners<br>1996 &#8211; 1998 \u2013 J\u0101nis Kukainis<br>1998 &#8211; 1999 \u2013 Aivars Osvalds<br>1999 &#8211; 2002 \u2013 J\u0101nis Kukainis<br>2002 &#8211; 2005 \u2013 Dace Copeland<br>2005 &#8211; 2008 \u2013 M\u0101rti\u0146\u0161 Duhms<br>2008 &#8211; 2012 \u2013 Juris Me\u017einskis<br>2012 &#8211; 2015 \u2013 Anita Bataraga<br>2015 &#8211; 2021 \u2013 P\u0113teris Blumbergs<br>2021 &#8211; today \u2013 M\u0101rti\u0146\u0161 Andersons<\/p>\n\n\n\n<hr class=\"wp-block-separator has-alpha-channel-opacity\"\/>\n\n\n\n<p>American Latvian Association, Inc.<br>400 Hurley Avenue,<br>Rockville, MD 20850-3121<br>USA<\/p>\n\n\n\n<p>Tel: +1 301 340 1914<br>E-mail: <a href=\"mailto:info@alausa.org\">info@alausa.org<\/a><\/p>\n","protected":false},"excerpt":{"rendered":"<p>The American Latvian Association (ALA) is the main representative organization for the Latvian American community. Through 100 member organizations, churches, clubs and some 4,000 individual members, we represent over 90,000 people of Latvian descent living in the United States. We are a tax-exempt, 501(c)3 non-profit, educational and cultural organization registered in the U.S. ALA supports [&hellip;]<\/p>\n","protected":false},"author":1,"featured_media":949,"parent":9,"menu_order":19,"comment_status":"closed","ping_status":"closed","template":"template-content.php","meta":{"_acf_changed":false,"inline_featured_image":false,"footnotes":""},"class_list":["post-11","page","type-page","status-publish","has-post-thumbnail","hentry"],"acf":[],"yoast_head":"<!-- This site is optimized with the Yoast SEO plugin v27.2 - https:\/\/yoast.com\/product\/yoast-seo-wordpress\/ -->\n<title>What is ALA? - American Latvian Association<\/title>\n<meta name=\"robots\" content=\"index, follow, max-snippet:-1, max-image-preview:large, max-video-preview:-1\" \/>\n<link rel=\"canonical\" href=\"https:\/\/alausa.org\/en\/about-us\/what-is-ala\/\" \/>\n<meta property=\"og:locale\" content=\"en_US\" \/>\n<meta property=\"og:type\" content=\"article\" \/>\n<meta property=\"og:title\" content=\"What is ALA? - American Latvian Association\" \/>\n<meta property=\"og:description\" content=\"The American Latvian Association (ALA) is the main representative organization for the Latvian American community. Through 100 member organizations, churches, clubs and some 4,000 individual members, we represent over 90,000 people of Latvian descent living in the United States. We are a tax-exempt, 501(c)3 non-profit, educational and cultural organization registered in the U.S. ALA supports [&hellip;]\" \/>\n<meta property=\"og:url\" content=\"https:\/\/alausa.org\/en\/about-us\/what-is-ala\/\" \/>\n<meta property=\"og:site_name\" content=\"American Latvian Association\" \/>\n<meta property=\"article:modified_time\" content=\"2023-10-19T08:02:01+00:00\" \/>\n<meta property=\"og:image\" content=\"https:\/\/alausa.org\/wp-content\/uploads\/2019\/02\/45229961401_3fbcbf5770_o-1024x683.jpg\" \/>\n\t<meta property=\"og:image:width\" content=\"1024\" \/>\n\t<meta property=\"og:image:height\" content=\"683\" \/>\n\t<meta property=\"og:image:type\" content=\"image\/jpeg\" \/>\n<meta name=\"twitter:card\" content=\"summary_large_image\" \/>\n<meta name=\"twitter:label1\" content=\"Est. reading time\" \/>\n\t<meta name=\"twitter:data1\" content=\"1 minute\" \/>\n<script type=\"application\/ld+json\" class=\"yoast-schema-graph\">{\"@context\":\"https:\/\/schema.org\",\"@graph\":[{\"@type\":\"WebPage\",\"@id\":\"https:\/\/alausa.org\/en\/about-us\/what-is-ala\/\",\"url\":\"https:\/\/alausa.org\/en\/about-us\/what-is-ala\/\",\"name\":\"What is ALA? - American Latvian Association\",\"isPartOf\":{\"@id\":\"https:\/\/alausa.org\/#website\"},\"primaryImageOfPage\":{\"@id\":\"https:\/\/alausa.org\/en\/about-us\/what-is-ala\/#primaryimage\"},\"image\":{\"@id\":\"https:\/\/alausa.org\/en\/about-us\/what-is-ala\/#primaryimage\"},\"thumbnailUrl\":\"https:\/\/alausa.org\/wp-content\/uploads\/2019\/02\/45229961401_3fbcbf5770_o.jpg\",\"datePublished\":\"2018-03-07T15:07:20+00:00\",\"dateModified\":\"2023-10-19T08:02:01+00:00\",\"breadcrumb\":{\"@id\":\"https:\/\/alausa.org\/en\/about-us\/what-is-ala\/#breadcrumb\"},\"inLanguage\":\"en-US\",\"potentialAction\":[{\"@type\":\"ReadAction\",\"target\":[\"https:\/\/alausa.org\/en\/about-us\/what-is-ala\/\"]}]},{\"@type\":\"ImageObject\",\"inLanguage\":\"en-US\",\"@id\":\"https:\/\/alausa.org\/en\/about-us\/what-is-ala\/#primaryimage\",\"url\":\"https:\/\/alausa.org\/wp-content\/uploads\/2019\/02\/45229961401_3fbcbf5770_o.jpg\",\"contentUrl\":\"https:\/\/alausa.org\/wp-content\/uploads\/2019\/02\/45229961401_3fbcbf5770_o.jpg\",\"width\":4500,\"height\":3000},{\"@type\":\"BreadcrumbList\",\"@id\":\"https:\/\/alausa.org\/en\/about-us\/what-is-ala\/#breadcrumb\",\"itemListElement\":[{\"@type\":\"ListItem\",\"position\":1,\"name\":\"Home\",\"item\":\"https:\/\/alausa.org\/en\/\"},{\"@type\":\"ListItem\",\"position\":2,\"name\":\"About Us\",\"item\":\"https:\/\/alausa.org\/en\/about-us\/\"},{\"@type\":\"ListItem\",\"position\":3,\"name\":\"What is ALA?\"}]},{\"@type\":\"WebSite\",\"@id\":\"https:\/\/alausa.org\/#website\",\"url\":\"https:\/\/alausa.org\/\",\"name\":\"American Latvian Association\",\"description\":\"\",\"potentialAction\":[{\"@type\":\"SearchAction\",\"target\":{\"@type\":\"EntryPoint\",\"urlTemplate\":\"https:\/\/alausa.org\/?s={search_term_string}\"},\"query-input\":{\"@type\":\"PropertyValueSpecification\",\"valueRequired\":true,\"valueName\":\"search_term_string\"}}],\"inLanguage\":\"en-US\"}]}<\/script>\n<!-- \/ Yoast SEO plugin. -->","yoast_head_json":{"title":"What is ALA? - American Latvian Association","robots":{"index":"index","follow":"follow","max-snippet":"max-snippet:-1","max-image-preview":"max-image-preview:large","max-video-preview":"max-video-preview:-1"},"canonical":"https:\/\/alausa.org\/en\/about-us\/what-is-ala\/","og_locale":"en_US","og_type":"article","og_title":"What is ALA? - American Latvian Association","og_description":"The American Latvian Association (ALA) is the main representative organization for the Latvian American community. Through 100 member organizations, churches, clubs and some 4,000 individual members, we represent over 90,000 people of Latvian descent living in the United States. We are a tax-exempt, 501(c)3 non-profit, educational and cultural organization registered in the U.S. ALA supports [&hellip;]","og_url":"https:\/\/alausa.org\/en\/about-us\/what-is-ala\/","og_site_name":"American Latvian Association","article_modified_time":"2023-10-19T08:02:01+00:00","og_image":[{"width":1024,"height":683,"url":"https:\/\/alausa.org\/wp-content\/uploads\/2019\/02\/45229961401_3fbcbf5770_o-1024x683.jpg","type":"image\/jpeg"}],"twitter_card":"summary_large_image","twitter_misc":{"Est. reading time":"1 minute"},"schema":{"@context":"https:\/\/schema.org","@graph":[{"@type":"WebPage","@id":"https:\/\/alausa.org\/en\/about-us\/what-is-ala\/","url":"https:\/\/alausa.org\/en\/about-us\/what-is-ala\/","name":"What is ALA? - American Latvian Association","isPartOf":{"@id":"https:\/\/alausa.org\/#website"},"primaryImageOfPage":{"@id":"https:\/\/alausa.org\/en\/about-us\/what-is-ala\/#primaryimage"},"image":{"@id":"https:\/\/alausa.org\/en\/about-us\/what-is-ala\/#primaryimage"},"thumbnailUrl":"https:\/\/alausa.org\/wp-content\/uploads\/2019\/02\/45229961401_3fbcbf5770_o.jpg","datePublished":"2018-03-07T15:07:20+00:00","dateModified":"2023-10-19T08:02:01+00:00","breadcrumb":{"@id":"https:\/\/alausa.org\/en\/about-us\/what-is-ala\/#breadcrumb"},"inLanguage":"en-US","potentialAction":[{"@type":"ReadAction","target":["https:\/\/alausa.org\/en\/about-us\/what-is-ala\/"]}]},{"@type":"ImageObject","inLanguage":"en-US","@id":"https:\/\/alausa.org\/en\/about-us\/what-is-ala\/#primaryimage","url":"https:\/\/alausa.org\/wp-content\/uploads\/2019\/02\/45229961401_3fbcbf5770_o.jpg","contentUrl":"https:\/\/alausa.org\/wp-content\/uploads\/2019\/02\/45229961401_3fbcbf5770_o.jpg","width":4500,"height":3000},{"@type":"BreadcrumbList","@id":"https:\/\/alausa.org\/en\/about-us\/what-is-ala\/#breadcrumb","itemListElement":[{"@type":"ListItem","position":1,"name":"Home","item":"https:\/\/alausa.org\/en\/"},{"@type":"ListItem","position":2,"name":"About Us","item":"https:\/\/alausa.org\/en\/about-us\/"},{"@type":"ListItem","position":3,"name":"What is ALA?"}]},{"@type":"WebSite","@id":"https:\/\/alausa.org\/#website","url":"https:\/\/alausa.org\/","name":"American Latvian Association","description":"","potentialAction":[{"@type":"SearchAction","target":{"@type":"EntryPoint","urlTemplate":"https:\/\/alausa.org\/?s={search_term_string}"},"query-input":{"@type":"PropertyValueSpecification","valueRequired":true,"valueName":"search_term_string"}}],"inLanguage":"en-US"}]}},"_links":{"self":[{"href":"https:\/\/alausa.org\/en\/wp-json\/wp\/v2\/pages\/11","targetHints":{"allow":["GET"]}}],"collection":[{"href":"https:\/\/alausa.org\/en\/wp-json\/wp\/v2\/pages"}],"about":[{"href":"https:\/\/alausa.org\/en\/wp-json\/wp\/v2\/types\/page"}],"author":[{"embeddable":true,"href":"https:\/\/alausa.org\/en\/wp-json\/wp\/v2\/users\/1"}],"replies":[{"embeddable":true,"href":"https:\/\/alausa.org\/en\/wp-json\/wp\/v2\/comments?post=11"}],"version-history":[{"count":0,"href":"https:\/\/alausa.org\/en\/wp-json\/wp\/v2\/pages\/11\/revisions"}],"up":[{"embeddable":true,"href":"https:\/\/alausa.org\/en\/wp-json\/wp\/v2\/pages\/9"}],"wp:featuredmedia":[{"embeddable":true,"href":"https:\/\/alausa.org\/en\/wp-json\/wp\/v2\/media\/949"}],"wp:attachment":[{"href":"https:\/\/alausa.org\/en\/wp-json\/wp\/v2\/media?parent=11"}],"curies":[{"name":"wp","href":"https:\/\/api.w.org\/{rel}","templated":true}]}}